{"id":16534,"date":"2024-04-25T15:40:22","date_gmt":"2024-04-25T12:40:22","guid":{"rendered":"https:\/\/paadipesula.ee\/mainpage\/"},"modified":"2024-04-25T15:40:36","modified_gmt":"2024-04-25T12:40:36","slug":"mainpage","status":"publish","type":"page","link":"https:\/\/paadipesula.ee\/","title":{"rendered":"Mainpage"},"content":{"rendered":"","protected":false},"excerpt":{"rendered":"","protected":false},"author":10,"featured_media":0,"parent":0,"menu_order":0,"comment_status":"closed","ping_status":"closed","template":"page-templates\/page-blank.php","meta":{"footnotes":""},"class_list":["post-16534","page","type-page","status-publish","hentry"],"yoast_head":"<!-- This site is optimized with the Yoast SEO plugin v27.4 - https:\/\/yoast.com\/product\/yoast-seo-wordpress\/ -->\n<title>PAADIPESULA O\u00dc | Tippklassi hooldus meres\u00f5idukitele meilt!<\/title>\n<meta name=\"description\" content=\"Pakume p\u00f5hjalikke puhastus-, hooldus- ja poleerimisteenuseid kaatritele.\" \/>\n<meta name=\"robots\" content=\"index, follow, max-snippet:-1, max-image-preview:large, max-video-preview:-1\" \/>\n<link rel=\"canonical\" href=\"https:\/\/paadipesula.ee\/\" \/>\n<meta property=\"og:locale\" content=\"et_EE\" \/>\n<meta property=\"og:type\" content=\"article\" \/>\n<meta property=\"og:title\" content=\"PAADIPESULA O\u00dc | Tippklassi hooldus meres\u00f5idukitele meilt!\" \/>\n<meta property=\"og:description\" content=\"Pakume p\u00f5hjalikke puhastus-, hooldus- ja poleerimisteenuseid kaatritele.\" \/>\n<meta property=\"og:url\" content=\"https:\/\/paadipesula.ee\/\" \/>\n<meta property=\"og:site_name\" content=\"PAADIPESULA O\u00dc\" \/>\n<meta property=\"article:modified_time\" content=\"2024-04-25T12:40:36+00:00\" \/>\n<meta property=\"og:image\" content=\"https:\/\/paadipesula.ee\/wp-content\/uploads\/2024\/06\/deck-of-white-yacht-sailing-in-open-sea-at-sunset-2023-11-27-04-59-13-utc.jpg-scaled.webp\" \/>\n<meta name=\"twitter:card\" content=\"summary_large_image\" \/>\n<script type=\"application\/ld+json\" class=\"yoast-schema-graph\">{\"@context\":\"https:\\\/\\\/schema.org\",\"@graph\":[{\"@type\":\"WebPage\",\"@id\":\"https:\\\/\\\/paadipesula.ee\\\/\",\"url\":\"https:\\\/\\\/paadipesula.ee\\\/\",\"name\":\"PAADIPESULA O\u00dc | Tippklassi hooldus meres\u00f5idukitele meilt!\",\"isPartOf\":{\"@id\":\"https:\\\/\\\/paadipesula.ee\\\/#website\"},\"datePublished\":\"2024-04-25T12:40:22+00:00\",\"dateModified\":\"2024-04-25T12:40:36+00:00\",\"description\":\"Pakume p\u00f5hjalikke puhastus-, hooldus- ja poleerimisteenuseid kaatritele.\",\"breadcrumb\":{\"@id\":\"https:\\\/\\\/paadipesula.ee\\\/#breadcrumb\"},\"inLanguage\":\"et\",\"potentialAction\":[{\"@type\":\"ReadAction\",\"target\":[\"https:\\\/\\\/paadipesula.ee\\\/\"]}]},{\"@type\":\"BreadcrumbList\",\"@id\":\"https:\\\/\\\/paadipesula.ee\\\/#breadcrumb\",\"itemListElement\":[{\"@type\":\"ListItem\",\"position\":1,\"name\":\"Avaleht\",\"item\":\"https:\\\/\\\/paadipesula.ee\\\/\"},{\"@type\":\"ListItem\",\"position\":2,\"name\":\"Mainpage\"}]},{\"@type\":\"WebSite\",\"@id\":\"https:\\\/\\\/paadipesula.ee\\\/#website\",\"url\":\"https:\\\/\\\/paadipesula.ee\\\/\",\"name\":\"Teema0\",\"description\":\"Tippklassi hooldus meres\u00f5idukitele meilt!\",\"publisher\":{\"@id\":\"https:\\\/\\\/paadipesula.ee\\\/#organization\"},\"potentialAction\":[{\"@type\":\"SearchAction\",\"target\":{\"@type\":\"EntryPoint\",\"urlTemplate\":\"https:\\\/\\\/paadipesula.ee\\\/?s={search_term_string}\"},\"query-input\":{\"@type\":\"PropertyValueSpecification\",\"valueRequired\":true,\"valueName\":\"search_term_string\"}}],\"inLanguage\":\"et\"},{\"@type\":\"Organization\",\"@id\":\"https:\\\/\\\/paadipesula.ee\\\/#organization\",\"name\":\"PAADIPESULA O\u00dc\",\"url\":\"https:\\\/\\\/paadipesula.ee\\\/\",\"logo\":{\"@type\":\"ImageObject\",\"inLanguage\":\"et\",\"@id\":\"https:\\\/\\\/paadipesula.ee\\\/#\\\/schema\\\/logo\\\/image\\\/\",\"url\":\"https:\\\/\\\/paadipesula.ee\\\/wp-content\\\/uploads\\\/2024\\\/06\\\/16927058_PAADIPESULA-OU_00529373_a_m.png\",\"contentUrl\":\"https:\\\/\\\/paadipesula.ee\\\/wp-content\\\/uploads\\\/2024\\\/06\\\/16927058_PAADIPESULA-OU_00529373_a_m.png\",\"width\":180,\"height\":180,\"caption\":\"PAADIPESULA O\u00dc\"},\"image\":{\"@id\":\"https:\\\/\\\/paadipesula.ee\\\/#\\\/schema\\\/logo\\\/image\\\/\"}}]}<\/script>\n<!-- \/ Yoast SEO plugin. -->","yoast_head_json":{"title":"PAADIPESULA O\u00dc | Tippklassi hooldus meres\u00f5idukitele meilt!","description":"Pakume p\u00f5hjalikke puhastus-, hooldus- ja poleerimisteenuseid kaatritele.","robots":{"index":"index","follow":"follow","max-snippet":"max-snippet:-1","max-image-preview":"max-image-preview:large","max-video-preview":"max-video-preview:-1"},"canonical":"https:\/\/paadipesula.ee\/","og_locale":"et_EE","og_type":"article","og_title":"PAADIPESULA O\u00dc | Tippklassi hooldus meres\u00f5idukitele meilt!","og_description":"Pakume p\u00f5hjalikke puhastus-, hooldus- ja poleerimisteenuseid kaatritele.","og_url":"https:\/\/paadipesula.ee\/","og_site_name":"PAADIPESULA O\u00dc","article_modified_time":"2024-04-25T12:40:36+00:00","og_image":[{"url":"https:\/\/paadipesula.ee\/wp-content\/uploads\/2024\/06\/deck-of-white-yacht-sailing-in-open-sea-at-sunset-2023-11-27-04-59-13-utc.jpg-scaled.webp","type":"","width":"","height":""}],"twitter_card":"summary_large_image","schema":{"@context":"https:\/\/schema.org","@graph":[{"@type":"WebPage","@id":"https:\/\/paadipesula.ee\/","url":"https:\/\/paadipesula.ee\/","name":"PAADIPESULA O\u00dc | Tippklassi hooldus meres\u00f5idukitele meilt!","isPartOf":{"@id":"https:\/\/paadipesula.ee\/#website"},"datePublished":"2024-04-25T12:40:22+00:00","dateModified":"2024-04-25T12:40:36+00:00","description":"Pakume p\u00f5hjalikke puhastus-, hooldus- ja poleerimisteenuseid kaatritele.","breadcrumb":{"@id":"https:\/\/paadipesula.ee\/#breadcrumb"},"inLanguage":"et","potentialAction":[{"@type":"ReadAction","target":["https:\/\/paadipesula.ee\/"]}]},{"@type":"BreadcrumbList","@id":"https:\/\/paadipesula.ee\/#breadcrumb","itemListElement":[{"@type":"ListItem","position":1,"name":"Avaleht","item":"https:\/\/paadipesula.ee\/"},{"@type":"ListItem","position":2,"name":"Mainpage"}]},{"@type":"WebSite","@id":"https:\/\/paadipesula.ee\/#website","url":"https:\/\/paadipesula.ee\/","name":"Teema0","description":"Tippklassi hooldus meres\u00f5idukitele meilt!","publisher":{"@id":"https:\/\/paadipesula.ee\/#organization"},"potentialAction":[{"@type":"SearchAction","target":{"@type":"EntryPoint","urlTemplate":"https:\/\/paadipesula.ee\/?s={search_term_string}"},"query-input":{"@type":"PropertyValueSpecification","valueRequired":true,"valueName":"search_term_string"}}],"inLanguage":"et"},{"@type":"Organization","@id":"https:\/\/paadipesula.ee\/#organization","name":"PAADIPESULA O\u00dc","url":"https:\/\/paadipesula.ee\/","logo":{"@type":"ImageObject","inLanguage":"et","@id":"https:\/\/paadipesula.ee\/#\/schema\/logo\/image\/","url":"https:\/\/paadipesula.ee\/wp-content\/uploads\/2024\/06\/16927058_PAADIPESULA-OU_00529373_a_m.png","contentUrl":"https:\/\/paadipesula.ee\/wp-content\/uploads\/2024\/06\/16927058_PAADIPESULA-OU_00529373_a_m.png","width":180,"height":180,"caption":"PAADIPESULA O\u00dc"},"image":{"@id":"https:\/\/paadipesula.ee\/#\/schema\/logo\/image\/"}}]}},"_links":{"self":[{"href":"https:\/\/paadipesula.ee\/index.php?rest_route=\/wp\/v2\/pages\/16534","targetHints":{"allow":["GET"]}}],"collection":[{"href":"https:\/\/paadipesula.ee\/index.php?rest_route=\/wp\/v2\/pages"}],"about":[{"href":"https:\/\/paadipesula.ee\/index.php?rest_route=\/wp\/v2\/types\/page"}],"author":[{"embeddable":true,"href":"https:\/\/paadipesula.ee\/index.php?rest_route=\/wp\/v2\/users\/10"}],"replies":[{"embeddable":true,"href":"https:\/\/paadipesula.ee\/index.php?rest_route=%2Fwp%2Fv2%2Fcomments&post=16534"}],"version-history":[{"count":1,"href":"https:\/\/paadipesula.ee\/index.php?rest_route=\/wp\/v2\/pages\/16534\/revisions"}],"predecessor-version":[{"id":16535,"href":"https:\/\/paadipesula.ee\/index.php?rest_route=\/wp\/v2\/pages\/16534\/revisions\/16535"}],"wp:attachment":[{"href":"https:\/\/paadipesula.ee\/index.php?rest_route=%2Fwp%2Fv2%2Fmedia&parent=16534"}],"curies":[{"name":"wp","href":"https:\/\/api.w.org\/{rel}","templated":true}]}}